{"id":25,"date":"2016-08-01T09:05:57","date_gmt":"2016-08-01T08:05:57","guid":{"rendered":"http:\/\/mco-asbl.be\/?page_id=25"},"modified":"2016-08-01T09:05:57","modified_gmt":"2016-08-01T08:05:57","slug":"contact","status":"publish","type":"page","link":"https:\/\/www.mco-asbl.be\/nl\/contact\/","title":{"rendered":"Contact"},"content":{"rendered":"<h3><strong>Musique au Chant d&rsquo;Oiseau asbl<\/strong><\/h3>\n<p><em><strong>Avenue du Chant d&rsquo;Oiseau, 2<\/strong><\/em><br \/>\n<em> <strong> B-1150 Woluwe-Saint-Pierre<\/strong><\/em><\/p>\n<p><strong>E-mail :<\/strong><br \/>\n<a href=\"mailto:asbl.macdo@gmail.com\">asbl.macdo@gmail.com<\/a><\/p>\n<p style=\"text-align: left;\"><strong>TVA : <\/strong><br \/>\nBE 418.418.354<\/p>\n<p style=\"text-align: left;\"><strong>Compte bancaire :<\/strong><br \/>\nIBAN : BE53 2100 3266 0053<br \/>\nBIC : GEBABEBB<\/p>\n<p><iframe loading=\"lazy\" style=\"border: 0px currentColor;\" src=\"https:\/\/www.google.com\/maps\/embed?pb=!1m18!1m12!1m3!1d2520.2094848010056!2d4.416375815103722!3d50.827283568022175!2m3!1f0!2f0!3f0!3m2!1i1024!2i768!4f13.1!3m3!1m2!1s0x47c3db462d3d3a47%3A0xa1817499e72e3e5f!2sAv.+du+Chant+d'Oiseau+Vogelzang+2%2C+1150+Woluwe-Saint-Pierre!5e0!3m2!1sfr!2sbe!4v1471353105243\" width=\"400\" height=\"300\" frameborder=\"0\" allowfullscreen=\"allowfullscreen\"><\/iframe><\/p>\n<p>STIB : Bus 36, arr\u00eat Chant d&rsquo;Oiseau (ligne Schumann &#8211; Stockel &#8211; Konkel)<\/p>\n<p><img loading=\"lazy\" decoding=\"async\" class=\"alignnone wp-image-416\" src=\"http:\/\/www.mco-asbl.be\/nl\/wp-content\/uploads\/2016\/08\/transportMCO-300x197.jpg\" alt=\"transportMCO\" width=\"393\" height=\"258\" srcset=\"https:\/\/www.mco-asbl.be\/nl\/wp-content\/uploads\/2016\/08\/transportMCO-300x197.jpg 300w, https:\/\/www.mco-asbl.be\/nl\/wp-content\/uploads\/2016\/08\/transportMCO.jpg 526w\" sizes=\"auto, (max-width: 393px) 85vw, 393px\" \/><\/p>\n<h3>Administrateurs<\/h3>\n<p>DE VOS Helmut, \u00c9chevin<br \/>\nDEPAEPE Jean, Administrateur<br \/>\nEUG\u00c8NE Guy, Secr\u00e9taire<br \/>\nGIROUL Jacques, Administrateur d\u00e9l\u00e9gu\u00e9<br \/>\nGIVRON Francis, Pr\u00e9sident<br \/>\nMOSTADE Christian, Tr\u00e9sorier<br \/>\nPERSOONS Caroline,\u00a0\u00c9chevine<br \/>\nPIANA Danielle, Directrice Artistique<br \/>\nPONCELET Marie-Fran\u00e7oise, Secr\u00e9taire Adjointe<br \/>\nVERBRAEKEN Carl, Administrateur<br \/>\nWILLAME-BOONEN Magdeleine, Administratrice<br \/>\nWILTGEN Rapha\u00ebl, Conservateur<\/p>\n<h3>Membres<\/h3>\n<p style=\"text-align: justify;\">Guy de HALLEUX, Helmuth DE VOS, Jean DEPAEPE, Caroline DESCAMPS, Guy EUG\u00c8NE, Jules FIVET, Mariette GENETTE, Raymond GENETTE, Jacques GIROUL, Francis GIVRON, Fran\u00e7oise IWEINS de WAVRANS, Thierry LEVAUX, Fr\u00e8re gardien Roger MARCHAL, Christian MOSTADE, Caroline PERSOONS, Armand PETIT, Danielle PIANA, Marie-Fran\u00e7oise PONCELET, Andr\u00e9 STRUYF, Carl VERBRAEKEN, Magdeleine WILLAME-BOONEM, Rapha\u00ebl WILTGEN<\/p>\n<h3>Collaborateurs \u00e0 la construction du site<\/h3>\n<p style=\"text-align: justify;\"><span style=\"text-decoration: underline;\">Photos<\/span> : Georges PIANA, Francis GIVRON, Dominiek LUST<br \/>\n<span style=\"text-decoration: underline;\">Textes<\/span> : Guy EUG\u00c8NE, Francis GIVRON, Danielle PIANA, Michel SOUMOY<br \/>\n<span style=\"text-decoration: underline;\">Traductions NL<\/span> : Carl VERBRAEKEN<br \/>\n<span style=\"text-decoration: underline;\">Conception du site<\/span> : Francis GIVRON, V\u00e9ronique LAURENT<\/p>\n<p><em>Un site r\u00e9alis\u00e9 en WordPress, 2016 &#8211; Contact site : <a href=\"mailto:bisengo@outlook.com\">bisengo@outlook.com<\/a><br \/>\n<\/em><\/p>\n","protected":false},"excerpt":{"rendered":"<p>Musique au Chant d&rsquo;Oiseau asbl Avenue du Chant d&rsquo;Oiseau, 2 B-1150 Woluwe-Saint-Pierre E-mail : asbl.macdo@gmail.com TVA : BE 418.418.354 Compte bancaire : IBAN : BE53 2100 3266 0053 BIC : GEBABEBB STIB : Bus 36, arr\u00eat Chant d&rsquo;Oiseau (ligne Schumann &#8211; Stockel &#8211; Konkel) Administrateurs DE VOS Helmut, \u00c9chevin DEPAEPE Jean, Administrateur EUG\u00c8NE Guy, Secr\u00e9taire &hellip; <a href=\"https:\/\/www.mco-asbl.be\/nl\/contact\/\" class=\"more-link\">Continuer la lecture<span class=\"screen-reader-text\"> de &laquo;&nbsp;Contact&nbsp;&raquo;<\/span><\/a><\/p>\n","protected":false},"author":1,"featured_media":0,"parent":0,"menu_order":0,"comment_status":"closed","ping_status":"closed","template":"","meta":{"footnotes":""},"class_list":["post-25","page","type-page","status-publish","hentry"],"_links":{"self":[{"href":"https:\/\/www.mco-asbl.be\/nl\/wp-json\/wp\/v2\/pages\/25","targetHints":{"allow":["GET"]}}],"collection":[{"href":"https:\/\/www.mco-asbl.be\/nl\/wp-json\/wp\/v2\/pages"}],"about":[{"href":"https:\/\/www.mco-asbl.be\/nl\/wp-json\/wp\/v2\/types\/page"}],"author":[{"embeddable":true,"href":"https:\/\/www.mco-asbl.be\/nl\/wp-json\/wp\/v2\/users\/1"}],"replies":[{"embeddable":true,"href":"https:\/\/www.mco-asbl.be\/nl\/wp-json\/wp\/v2\/comments?post=25"}],"version-history":[{"count":0,"href":"https:\/\/www.mco-asbl.be\/nl\/wp-json\/wp\/v2\/pages\/25\/revisions"}],"wp:attachment":[{"href":"https:\/\/www.mco-asbl.be\/nl\/wp-json\/wp\/v2\/media?parent=25"}],"curies":[{"name":"wp","href":"https:\/\/api.w.org\/{rel}","templated":true}]}}