{"id":18,"date":"2016-08-01T09:00:07","date_gmt":"2016-08-01T08:00:07","guid":{"rendered":"http:\/\/mco-asbl.be\/?page_id=18"},"modified":"2024-02-02T15:41:45","modified_gmt":"2024-02-02T14:41:45","slug":"fotos","status":"publish","type":"page","link":"https:\/\/www.mco-asbl.be\/nl\/fotos\/","title":{"rendered":"Foto&rsquo;s"},"content":{"rendered":"<p><img loading=\"lazy\" decoding=\"async\" class=\"size-medium wp-image-113 alignnone\" src=\"http:\/\/www.mco-asbl.be\/nl\/wp-content\/uploads\/2016\/08\/DSC0024-300x201.jpg\" alt=\"_DSC0024\" width=\"300\" height=\"201\" srcset=\"https:\/\/www.mco-asbl.be\/nl\/wp-content\/uploads\/2016\/08\/DSC0024-300x201.jpg 300w, https:\/\/www.mco-asbl.be\/nl\/wp-content\/uploads\/2016\/08\/DSC0024-768x514.jpg 768w, https:\/\/www.mco-asbl.be\/nl\/wp-content\/uploads\/2016\/08\/DSC0024.jpg 920w\" sizes=\"auto, (max-width: 300px) 85vw, 300px\" \/> \u00a0 \u00a0\u00a0 <img loading=\"lazy\" decoding=\"async\" class=\"alignnone size-medium wp-image-91\" src=\"http:\/\/www.mco-asbl.be\/nl\/wp-content\/uploads\/2016\/08\/DSC0002-300x201.jpg\" alt=\"_DSC0002\" width=\"300\" height=\"201\" srcset=\"https:\/\/www.mco-asbl.be\/nl\/wp-content\/uploads\/2016\/08\/DSC0002-300x201.jpg 300w, https:\/\/www.mco-asbl.be\/nl\/wp-content\/uploads\/2016\/08\/DSC0002-768x514.jpg 768w, https:\/\/www.mco-asbl.be\/nl\/wp-content\/uploads\/2016\/08\/DSC0002.jpg 920w\" sizes=\"auto, (max-width: 300px) 85vw, 300px\" \/><\/p>\n<ul>\n<li style=\"padding-left: 10px;\"><a href=\"http:\/\/mco-asbl.be\/index.php\/orgue-2\/\">Photos du grand Orgue du Chant d&rsquo;Oiseau<\/a><\/li>\n<li style=\"padding-left: 10px;\"><a href=\"http:\/\/mco-asbl.be\/index.php\/artistes-galerie\/\">Artistes venu se produire dans le cadre des concerts organis\u00e9s par l&rsquo;asbl Musique au Chant d&rsquo;Oiseau<\/a><\/li>\n<li style=\"padding-left: 10px;\"><a href=\"http:\/\/mco-asbl.be\/index.php\/affiches\/\">Affiches des concerts<\/a><\/li>\n<li style=\"padding-left: 10px;\"><a href=\"http:\/\/mco-asbl.be\/index.php\/eglise\/\">Photos de l&rsquo;\u00e9glise Notre Dame des Gr\u00e2ces du Chant d&rsquo;Oiseau<\/a><\/li>\n<\/ul>\n<p>&nbsp;<\/p>\n","protected":false},"excerpt":{"rendered":"<p>\u00a0 \u00a0\u00a0 Photos du grand Orgue du Chant d&rsquo;Oiseau Artistes venu se produire dans le cadre des concerts organis\u00e9s par l&rsquo;asbl Musique au Chant d&rsquo;Oiseau Affiches des concerts Photos de l&rsquo;\u00e9glise Notre Dame des Gr\u00e2ces du Chant d&rsquo;Oiseau &nbsp;<\/p>\n","protected":false},"author":1,"featured_media":0,"parent":0,"menu_order":0,"comment_status":"closed","ping_status":"closed","template":"","meta":{"footnotes":""},"class_list":["post-18","page","type-page","status-publish","hentry"],"_links":{"self":[{"href":"https:\/\/www.mco-asbl.be\/nl\/wp-json\/wp\/v2\/pages\/18","targetHints":{"allow":["GET"]}}],"collection":[{"href":"https:\/\/www.mco-asbl.be\/nl\/wp-json\/wp\/v2\/pages"}],"about":[{"href":"https:\/\/www.mco-asbl.be\/nl\/wp-json\/wp\/v2\/types\/page"}],"author":[{"embeddable":true,"href":"https:\/\/www.mco-asbl.be\/nl\/wp-json\/wp\/v2\/users\/1"}],"replies":[{"embeddable":true,"href":"https:\/\/www.mco-asbl.be\/nl\/wp-json\/wp\/v2\/comments?post=18"}],"version-history":[{"count":1,"href":"https:\/\/www.mco-asbl.be\/nl\/wp-json\/wp\/v2\/pages\/18\/revisions"}],"predecessor-version":[{"id":731,"href":"https:\/\/www.mco-asbl.be\/nl\/wp-json\/wp\/v2\/pages\/18\/revisions\/731"}],"wp:attachment":[{"href":"https:\/\/www.mco-asbl.be\/nl\/wp-json\/wp\/v2\/media?parent=18"}],"curies":[{"name":"wp","href":"https:\/\/api.w.org\/{rel}","templated":true}]}}